{"id":90,"date":"2017-10-25T14:00:48","date_gmt":"2017-10-25T17:00:48","guid":{"rendered":"http:\/\/www.baires.org\/?page_id=90"},"modified":"2025-12-24T19:16:20","modified_gmt":"2025-12-24T22:16:20","slug":"planillas-de-calculo","status":"publish","type":"page","link":"http:\/\/www.baires.org\/?page_id=90","title":{"rendered":"Planillas de c\u00e1lculo"},"content":{"rendered":"<p>Planilla de c\u00e1lculo Google Sheets para liquidaci\u00f3n final por renuncia, despido con y sin causa para encargados de edificios.<\/p>\n<p><a href=\"https:\/\/docs.google.com\/spreadsheets\/d\/1bNWf1LcmicaUAyNYWWmGAs3dnIsBaVDVsJuSNwWj76U\/copy\">Liquidaci\u00f3n Final despido con y sin causa y renuncia &#8211; SUTERH 2023<\/a><\/p>\n<p>Incluye escala salarial FATERYH enero 2023.<br \/>\u00daltima actualizaci\u00f3n: <strong>30\/01\/2023.<\/strong><br \/>Versi\u00f3n: 2023.1<\/p>\n\n\n<p><\/p>\n","protected":false},"excerpt":{"rendered":"<p>Planilla de c\u00e1lculo Google Sheets para liquidaci\u00f3n final por renuncia, despido con y sin causa para encargados de edificios. Liquidaci\u00f3n Final despido con y sin causa y renuncia &#8211; SUTERH 2023 Incluye escala salarial FATERYH enero 2023.\u00daltima actualizaci\u00f3n: 30\/01\/2023.Versi\u00f3n: 2023.1<\/p>\n","protected":false},"author":1,"featured_media":0,"parent":174,"menu_order":99,"comment_status":"closed","ping_status":"closed","template":"","meta":{"footnotes":""},"class_list":["post-90","page","type-page","status-publish","hentry"],"_links":{"self":[{"href":"http:\/\/www.baires.org\/index.php?rest_route=\/wp\/v2\/pages\/90","targetHints":{"allow":["GET"]}}],"collection":[{"href":"http:\/\/www.baires.org\/index.php?rest_route=\/wp\/v2\/pages"}],"about":[{"href":"http:\/\/www.baires.org\/index.php?rest_route=\/wp\/v2\/types\/page"}],"author":[{"embeddable":true,"href":"http:\/\/www.baires.org\/index.php?rest_route=\/wp\/v2\/users\/1"}],"replies":[{"embeddable":true,"href":"http:\/\/www.baires.org\/index.php?rest_route=%2Fwp%2Fv2%2Fcomments&post=90"}],"version-history":[{"count":1,"href":"http:\/\/www.baires.org\/index.php?rest_route=\/wp\/v2\/pages\/90\/revisions"}],"predecessor-version":[{"id":562,"href":"http:\/\/www.baires.org\/index.php?rest_route=\/wp\/v2\/pages\/90\/revisions\/562"}],"up":[{"embeddable":true,"href":"http:\/\/www.baires.org\/index.php?rest_route=\/wp\/v2\/pages\/174"}],"wp:attachment":[{"href":"http:\/\/www.baires.org\/index.php?rest_route=%2Fwp%2Fv2%2Fmedia&parent=90"}],"curies":[{"name":"wp","href":"https:\/\/api.w.org\/{rel}","templated":true}]}}