{"id":545,"date":"2017-10-17T06:16:24","date_gmt":"2017-10-17T06:16:24","guid":{"rendered":"http:\/\/www.baires.org\/home\/"},"modified":"2025-12-24T18:56:38","modified_gmt":"2025-12-24T21:56:38","slug":"home","status":"publish","type":"page","link":"http:\/\/www.baires.org\/","title":{"rendered":"Quienes somos"},"content":{"rendered":"<p>Administraci\u00f3n de Consorcios de Propiedad Horizontal.<br \/>\nSomos una organizaci\u00f3n de trabajo que surgi\u00f3 desde nuestro lugar de consorcistas\u00a0que en innumerables situaciones; y ante la complejidad de las leyes, disposiciones\u00a0contables, impositivas y en materia edilicia; cuestion\u00e1bamos la correcta administraci\u00f3n de\u00a0los consorcios de los que formamos parte.<\/p>\n<p>Entendemos que la tarea de administraci\u00f3n de consorcios requiere especializaci\u00f3n\u00a0y capacitaci\u00f3n permanente para dar respuesta a todas las inquietudes que surgen en esta materia. Por esta raz\u00f3n, nuestra constante capacitaci\u00f3n en lo relativo a la propiedad\u00a0horizontal comprende temas como liquidaci\u00f3n de sueldos y jornales, administraci\u00f3n de\u00a0personal, negociaci\u00f3n y resoluci\u00f3n de conflictos, seguridad e higiene en el trabajo,\u00a0electricidad, alba\u00f1iler\u00eda, etc. para poner a su servicio el mejor conocimiento a fin de lograr una eficiente administraci\u00f3n de los recursos del Consorcio, preservando de manera\u00a0integral su patrimonio.<\/p>\n<p>Ofrecemos un servicio integral que nos diferencia por nuestra idoneidad, dedicaci\u00f3n y transparencia, con liquidaciones mensuales documentadas y precisas, con\u00a0presencia en el edificio y trato personalizado generando las condiciones adecuadas para\u00a0el bienestar y convivencia de los vecinos.<\/p>\n<hr \/>\n<p>Brindamos:<\/p>\n<ul>\n<li>Liquidaciones de expensas, comprobantes de gastos, extractos bancarios, documentaci\u00f3n del Consorcio <strong>online las 24 horas<\/strong>.<\/li>\n<li>Honorarios accesibles.<\/li>\n<li>Atenci\u00f3n personalizada.<\/li>\n<li>Portal Web colaborativo.<\/li>\n<li>Visitas peri\u00f3dicas al edificio.<\/li>\n<li>Asesoramiento a propietarios.<\/li>\n<\/ul>\n<hr \/>\n<p>Ubicaci\u00f3n:<br \/>\n<iframe loading=\"lazy\" style=\"border: 0px; --darkreader-inline-border-top: 0px; --darkreader-inline-border-right: 0px; --darkreader-inline-border-bottom: 0px; --darkreader-inline-border-left: 0px;\" src=\"https:\/\/www.google.com\/maps\/embed?pb=!1m18!1m12!1m3!1d7811.143724745951!2d-58.408462013998694!3d-34.5995747476346!2m3!1f0!2f0!3f0!3m2!1i1024!2i768!4f13.1!3m3!1m2!1s0x95bcca923c04a025%3A0x65b761aa5056f2c0!2sAv.+Pueyrred%C3%B3n+%26+San+Luis%2C+C1186+CABA!5e0!3m2!1sen!2sar!4v1509087525423\" width=\"600\" height=\"450\" frameborder=\"0\" allowfullscreen=\"allowfullscreen\"><\/iframe><\/p>\n<hr \/>\n<p>Contacto:<br \/>\nTel\/Fax: (011) 5365.5643<br \/>\nHorario de atenci\u00f3n telef\u00f3nica: lunes a viernes de 13 a 17 hs.<br \/>\nCorreo electr\u00f3nico: <a href=\"mailto:info@baires.org\">info@baires.org<\/a><\/p>\n","protected":false},"excerpt":{"rendered":"<p>Administraci\u00f3n de Consorcios de Propiedad Horizontal. Somos una organizaci\u00f3n de trabajo que surgi\u00f3 desde nuestro lugar de consorcistas\u00a0que en innumerables situaciones; y ante la complejidad de las leyes, disposiciones\u00a0contables, impositivas y en materia edilicia; cuestion\u00e1bamos la correcta administraci\u00f3n de\u00a0los consorcios de los que formamos parte. Entendemos que la tarea de administraci\u00f3n de consorcios requiere especializaci\u00f3n\u00a0y &hellip; <\/p>\n<p class=\"link-more\"><a href=\"http:\/\/www.baires.org\/\" class=\"more-link\">Continue reading<span class=\"screen-reader-text\"> &#8220;Quienes somos&#8221;<\/span><\/a><\/p>\n","protected":false},"author":1,"featured_media":0,"parent":0,"menu_order":0,"comment_status":"closed","ping_status":"closed","template":"","meta":{"footnotes":""},"class_list":["post-545","page","type-page","status-publish","hentry"],"_links":{"self":[{"href":"http:\/\/www.baires.org\/index.php?rest_route=\/wp\/v2\/pages\/545","targetHints":{"allow":["GET"]}}],"collection":[{"href":"http:\/\/www.baires.org\/index.php?rest_route=\/wp\/v2\/pages"}],"about":[{"href":"http:\/\/www.baires.org\/index.php?rest_route=\/wp\/v2\/types\/page"}],"author":[{"embeddable":true,"href":"http:\/\/www.baires.org\/index.php?rest_route=\/wp\/v2\/users\/1"}],"replies":[{"embeddable":true,"href":"http:\/\/www.baires.org\/index.php?rest_route=%2Fwp%2Fv2%2Fcomments&post=545"}],"version-history":[{"count":1,"href":"http:\/\/www.baires.org\/index.php?rest_route=\/wp\/v2\/pages\/545\/revisions"}],"predecessor-version":[{"id":558,"href":"http:\/\/www.baires.org\/index.php?rest_route=\/wp\/v2\/pages\/545\/revisions\/558"}],"wp:attachment":[{"href":"http:\/\/www.baires.org\/index.php?rest_route=%2Fwp%2Fv2%2Fmedia&parent=545"}],"curies":[{"name":"wp","href":"https:\/\/api.w.org\/{rel}","templated":true}]}}